{"id":10,"date":"2025-08-05T11:02:06","date_gmt":"2025-08-05T11:02:06","guid":{"rendered":"https:\/\/silktouchai.com\/?page_id=10"},"modified":"2025-08-09T17:37:44","modified_gmt":"2025-08-09T17:37:44","slug":"registro","status":"publish","type":"page","link":"https:\/\/silktouchai.com\/en\/","title":{"rendered":"Inicio A"},"content":{"rendered":"<div data-elementor-type=\"wp-page\" data-elementor-id=\"10\" class=\"elementor elementor-10\">\n\t\t\t\t<div class=\"elementor-element elementor-element-16ac773 e-con-full e-flex e-con e-parent\" data-id=\"16ac773\" data-element_type=\"container\" data-settings=\"{&quot;background_background&quot;:&quot;classic&quot;}\">\n\t\t<div class=\"elementor-element elementor-element-598b56e e-con-full e-flex e-con e-child\" data-id=\"598b56e\" data-element_type=\"container\">\n\t\t\t\t<div class=\"elementor-element elementor-element-ce49e03 elementor-widget elementor-widget-heading\" data-id=\"ce49e03\" data-element_type=\"widget\" data-widget_type=\"heading.default\">\n\t\t\t\t\t<h2 class=\"elementor-heading-title elementor-size-default\"><b>Creador de Construcciones de Minecraft con IA<\/b><\/h2>\t\t\t\t<\/div>\n\t\t\t\t<div class=\"elementor-element elementor-element-aa19e8f elementor-widget elementor-widget-text-editor\" data-id=\"aa19e8f\" data-element_type=\"widget\" data-widget_type=\"text-editor.default\">\n\t\t\t\t\t\t\t\t\t<p>Escribe tu Prompt y recibe un archivo con tu construcci\u00f3n realizada por IA lista para ser a\u00f1adida a tu mundo de Minecraft.<\/p>\t\t\t\t\t\t\t\t<\/div>\n\t\t\t\t<div class=\"elementor-element elementor-element-f921b72 elementor-widget__width-inherit elementor-widget elementor-widget-text-editor\" data-id=\"f921b72\" data-element_type=\"widget\" data-widget_type=\"text-editor.default\">\n\t\t\t\t\t\t\t\t\t<p><b>REG\u00cdSTRATE PARA CONSEGUIR 2 CONSTRUCCIONES\u00a0<\/b><\/p>\t\t\t\t\t\t\t\t<\/div>\n\t\t<div class=\"elementor-element elementor-element-61a08aa e-grid e-con-full e-con e-child\" data-id=\"61a08aa\" data-element_type=\"container\">\n\t\t\t\t<div class=\"elementor-element elementor-element-049f31f elementor-align-center elementor-widget elementor-widget-button\" data-id=\"049f31f\" data-element_type=\"widget\" data-widget_type=\"button.default\">\n\t\t\t\t\t\t\t\t\t\t<a class=\"elementor-button elementor-button-link elementor-size-sm\" href=\"https:\/\/silktouchai.com\/en\/iniciar-sesion\/\">\n\t\t\t\t\t\t<span class=\"elementor-button-content-wrapper\">\n\t\t\t\t\t\t\t\t\t<span class=\"elementor-button-text\">INICIAR SESI\u00d3N<\/span>\n\t\t\t\t\t<\/span>\n\t\t\t\t\t<\/a>\n\t\t\t\t\t\t\t\t<\/div>\n\t\t\t\t<div class=\"elementor-element elementor-element-27825f8 elementor-align-center elementor-button-info elementor-widget elementor-widget-button\" data-id=\"27825f8\" data-element_type=\"widget\" data-widget_type=\"button.default\">\n\t\t\t\t\t\t\t\t\t\t<a class=\"elementor-button elementor-button-link elementor-size-sm\" href=\"https:\/\/silktouchai.com\/en\/registro-3\/\">\n\t\t\t\t\t\t<span class=\"elementor-button-content-wrapper\">\n\t\t\t\t\t\t\t\t\t<span class=\"elementor-button-text\">REGISTRARSE<\/span>\n\t\t\t\t\t<\/span>\n\t\t\t\t\t<\/a>\n\t\t\t\t\t\t\t\t<\/div>\n\t\t\t\t<\/div>\n\t\t\t\t<div class=\"elementor-element elementor-element-71d2f47 elementor-widget__width-inherit elementor-widget elementor-widget-text-editor\" data-id=\"71d2f47\" data-element_type=\"widget\" data-widget_type=\"text-editor.default\">\n\t\t\t\t\t\t\t\t\t<p><b>UTILIZA LA IA SI HAS INICIADO SESI\u00d3N<\/b><\/p>\t\t\t\t\t\t\t\t<\/div>\n\t\t<div class=\"elementor-element elementor-element-cef100a e-grid e-con-full e-con e-child\" data-id=\"cef100a\" data-element_type=\"container\">\n\t\t\t\t<div class=\"elementor-element elementor-element-e0b1e80 elementor-align-justify elementor-widget__width-inherit elementor-widget elementor-widget-button\" data-id=\"e0b1e80\" data-element_type=\"widget\" data-widget_type=\"button.default\">\n\t\t\t\t\t\t\t\t\t\t<a class=\"elementor-button elementor-button-link elementor-size-sm\" href=\"https:\/\/silktouchai.com\/en\/ai-generator\/\">\n\t\t\t\t\t\t<span class=\"elementor-button-content-wrapper\">\n\t\t\t\t\t\t\t\t\t<span class=\"elementor-button-text\">UTILIZAR LA IA<\/span>\n\t\t\t\t\t<\/span>\n\t\t\t\t\t<\/a>\n\t\t\t\t\t\t\t\t<\/div>\n\t\t\t\t<\/div>\n\t\t\t\t<\/div>\n\t\t<div class=\"elementor-element elementor-element-4501521 e-con-full e-flex e-con e-child\" data-id=\"4501521\" data-element_type=\"container\">\n\t\t\t\t<div class=\"elementor-element elementor-element-e3c805d elementor-widget elementor-widget-video\" data-id=\"e3c805d\" data-element_type=\"widget\" data-settings=\"{&quot;youtube_url&quot;:&quot;https:\\\/\\\/youtu.be\\\/pdWYvBinNns?si=kJaMbxiAmwaq34NV&quot;,&quot;autoplay&quot;:&quot;yes&quot;,&quot;mute&quot;:&quot;yes&quot;,&quot;loop&quot;:&quot;yes&quot;,&quot;video_type&quot;:&quot;youtube&quot;,&quot;controls&quot;:&quot;yes&quot;}\" data-widget_type=\"video.default\">\n\t\t\t\t\t\t\t<div class=\"elementor-wrapper elementor-open-inline\">\n\t\t\t<div class=\"elementor-video\"><\/div>\t\t<\/div>\n\t\t\t\t\t\t<\/div>\n\t\t\t\t<\/div>\n\t\t\t\t<\/div>\n\t\t<div class=\"elementor-element elementor-element-3bc1eee e-grid e-con-boxed e-con e-parent\" data-id=\"3bc1eee\" data-element_type=\"container\">\n\t\t\t\t\t<div class=\"e-con-inner\">\n\t\t\t\t<div class=\"elementor-element elementor-element-f0e63e1 elementor-widget elementor-widget-heading\" data-id=\"f0e63e1\" data-element_type=\"widget\" data-widget_type=\"heading.default\">\n\t\t\t\t\t<h2 class=\"elementor-heading-title elementor-size-default\">Conoce SilkTouch.AI<\/h2>\t\t\t\t<\/div>\n\t\t\t\t<div class=\"elementor-element elementor-element-2d46992 elementor-widget__width-inherit elementor-widget elementor-widget-text-editor\" data-id=\"2d46992\" data-element_type=\"widget\" data-widget_type=\"text-editor.default\">\n\t\t\t\t\t\t\t\t\t<p>Descubre la c\u00f3mo funciona SilkTouch AI, la herramienta que conecta IA con Minecraft para que construyas tus ideas con IA<\/p>\t\t\t\t\t\t\t\t<\/div>\n\t\t\t\t\t<\/div>\n\t\t\t\t<\/div>\n\t\t<div class=\"elementor-element elementor-element-879f68e e-flex e-con-boxed e-con e-parent\" data-id=\"879f68e\" data-element_type=\"container\">\n\t\t\t\t\t<div class=\"e-con-inner\">\n\t\t<div class=\"elementor-element elementor-element-7e2d567 e-con-full e-flex e-con e-child\" data-id=\"7e2d567\" data-element_type=\"container\">\n\t\t\t\t<div class=\"elementor-element elementor-element-60f9309 elementor-widget elementor-widget-image\" data-id=\"60f9309\" data-element_type=\"widget\" data-widget_type=\"image.default\">\n\t\t\t\t\t\t\t\t\t\t\t\t\t\t\t<img fetchpriority=\"high\" decoding=\"async\" width=\"477\" height=\"252\" src=\"https:\/\/silktouchai.com\/wp-content\/uploads\/2025\/08\/EJEMPLO-AI-1.png\" class=\"attachment-large size-large wp-image-60\" alt=\"\" srcset=\"https:\/\/silktouchai.com\/wp-content\/uploads\/2025\/08\/EJEMPLO-AI-1.png 477w, https:\/\/silktouchai.com\/wp-content\/uploads\/2025\/08\/EJEMPLO-AI-1-300x158.png 300w, https:\/\/silktouchai.com\/wp-content\/uploads\/2025\/08\/EJEMPLO-AI-1-18x10.png 18w\" sizes=\"100vw\" \/>\t\t\t\t\t\t\t\t\t\t\t\t\t\t\t<\/div>\n\t\t\t\t<div class=\"elementor-element elementor-element-7cb2cb1 elementor-widget elementor-widget-text-editor\" data-id=\"7cb2cb1\" data-element_type=\"widget\" data-widget_type=\"text-editor.default\">\n\t\t\t\t\t\t\t\t\t<p>Describe tu idea de Construcci\u00f3n para que la IA haga lo que tienes en mente con hasta 500 palabras<\/p>\t\t\t\t\t\t\t\t<\/div>\n\t\t\t\t<\/div>\n\t\t<div class=\"elementor-element elementor-element-ba1cf08 e-con-full e-flex e-con e-child\" data-id=\"ba1cf08\" data-element_type=\"container\">\n\t\t\t\t<div class=\"elementor-element elementor-element-8209b1c elementor-widget elementor-widget-image\" data-id=\"8209b1c\" data-element_type=\"widget\" data-widget_type=\"image.default\">\n\t\t\t\t\t\t\t\t\t\t\t\t\t\t\t<img decoding=\"async\" width=\"150\" height=\"150\" src=\"https:\/\/silktouchai.com\/wp-content\/uploads\/2025\/08\/folder-150x150.png\" class=\"attachment-thumbnail size-thumbnail wp-image-61\" alt=\"\" srcset=\"https:\/\/silktouchai.com\/wp-content\/uploads\/2025\/08\/folder-150x150.png 150w, https:\/\/silktouchai.com\/wp-content\/uploads\/2025\/08\/folder-300x300.png 300w, https:\/\/silktouchai.com\/wp-content\/uploads\/2025\/08\/folder-12x12.png 12w, https:\/\/silktouchai.com\/wp-content\/uploads\/2025\/08\/folder-100x100.png 100w, https:\/\/silktouchai.com\/wp-content\/uploads\/2025\/08\/folder.png 512w\" sizes=\"100vw\" \/>\t\t\t\t\t\t\t\t\t\t\t\t\t\t\t<\/div>\n\t\t\t\t<div class=\"elementor-element elementor-element-c080391 elementor-widget elementor-widget-text-editor\" data-id=\"c080391\" data-element_type=\"widget\" data-widget_type=\"text-editor.default\">\n\t\t\t\t\t\t\t\t\t<p>Descarga tu Construcci\u00f3n generada con IA y a\u00f1\u00e1dela f\u00e1cilmente al juego<\/p>\t\t\t\t\t\t\t\t<\/div>\n\t\t\t\t<\/div>\n\t\t<div class=\"elementor-element elementor-element-cbf4fe1 e-con-full e-flex e-con e-child\" data-id=\"cbf4fe1\" data-element_type=\"container\">\n\t\t\t\t<div class=\"elementor-element elementor-element-251d9a6 elementor-widget elementor-widget-image\" data-id=\"251d9a6\" data-element_type=\"widget\" data-widget_type=\"image.default\">\n\t\t\t\t\t\t\t\t\t\t\t\t\t\t\t<img decoding=\"async\" width=\"950\" height=\"548\" src=\"https:\/\/silktouchai.com\/wp-content\/uploads\/2025\/08\/WhatsApp-Image-2025-08-04-at-13.19.09-1024x591.jpeg\" class=\"attachment-large size-large wp-image-62\" alt=\"\" srcset=\"https:\/\/silktouchai.com\/wp-content\/uploads\/2025\/08\/WhatsApp-Image-2025-08-04-at-13.19.09-1024x591.jpeg 1024w, https:\/\/silktouchai.com\/wp-content\/uploads\/2025\/08\/WhatsApp-Image-2025-08-04-at-13.19.09-300x173.jpeg 300w, https:\/\/silktouchai.com\/wp-content\/uploads\/2025\/08\/WhatsApp-Image-2025-08-04-at-13.19.09-18x10.jpeg 18w, https:\/\/silktouchai.com\/wp-content\/uploads\/2025\/08\/WhatsApp-Image-2025-08-04-at-13.19.09-600x346.jpeg 600w, https:\/\/silktouchai.com\/wp-content\/uploads\/2025\/08\/WhatsApp-Image-2025-08-04-at-13.19.09.jpeg 1158w\" sizes=\"100vw\" \/>\t\t\t\t\t\t\t\t\t\t\t\t\t\t\t<\/div>\n\t\t\t\t<div class=\"elementor-element elementor-element-c8b3e69 elementor-widget elementor-widget-text-editor\" data-id=\"c8b3e69\" data-element_type=\"widget\" data-widget_type=\"text-editor.default\">\n\t\t\t\t\t\t\t\t\t<p>Int\u00e9grala en tu Mundo de Minecraft con 2 comandos y disfruta de la construcci\u00f3n en solitario o con amigos<\/p>\t\t\t\t\t\t\t\t<\/div>\n\t\t\t\t<\/div>\n\t\t\t\t\t<\/div>\n\t\t\t\t<\/div>\n\t\t<div class=\"elementor-element elementor-element-d16fbf2 e-grid e-con-full e-con e-parent\" data-id=\"d16fbf2\" data-element_type=\"container\">\n\t\t<div class=\"elementor-element elementor-element-8e5d3c1 e-grid e-con-full e-con e-child\" data-id=\"8e5d3c1\" data-element_type=\"container\">\n\t\t\t\t<div class=\"elementor-element elementor-element-e58aab7 elementor-widget__width-inherit elementor-widget elementor-widget-heading\" data-id=\"e58aab7\" data-element_type=\"widget\" data-widget_type=\"heading.default\">\n\t\t\t\t\t<h2 class=\"elementor-heading-title elementor-size-default\">Conseguir m\u00e1s Prompts<\/h2>\t\t\t\t<\/div>\n\t\t\t\t<div class=\"elementor-element elementor-element-3e85d8a elementor-widget__width-inherit elementor-widget elementor-widget-text-editor\" data-id=\"3e85d8a\" data-element_type=\"widget\" data-widget_type=\"text-editor.default\">\n\t\t\t\t\t\t\t\t\t<p>\u00bfQuieres ampliar tus l\u00edmites de construcci\u00f3n con SilkTouch.AI? Compra nuestros paquetes de Prompts y convierte tus ideas a bloques<\/p>\t\t\t\t\t\t\t\t<\/div>\n\t\t\t\t<\/div>\n\t\t\t\t<\/div>\n\t\t<div class=\"elementor-element elementor-element-83a49e6 e-flex e-con-boxed e-con e-parent\" data-id=\"83a49e6\" data-element_type=\"container\">\n\t\t\t\t\t<div class=\"e-con-inner\">\n\t\t<div class=\"elementor-element elementor-element-065fa41 e-con-full e-flex e-con e-child\" data-id=\"065fa41\" data-element_type=\"container\">\n\t\t\t\t<div class=\"elementor-element elementor-element-4ba8ab9 elementor-widget elementor-widget-image\" data-id=\"4ba8ab9\" data-element_type=\"widget\" data-widget_type=\"image.default\">\n\t\t\t\t\t\t\t\t\t\t\t\t\t\t\t<img loading=\"lazy\" decoding=\"async\" width=\"950\" height=\"950\" src=\"https:\/\/silktouchai.com\/wp-content\/uploads\/2025\/08\/IA-VIDEOJUEGOS-7-1024x1024.png\" class=\"attachment-large size-large wp-image-204\" alt=\"\" srcset=\"https:\/\/silktouchai.com\/wp-content\/uploads\/2025\/08\/IA-VIDEOJUEGOS-7-1024x1024.png 1024w, https:\/\/silktouchai.com\/wp-content\/uploads\/2025\/08\/IA-VIDEOJUEGOS-7-300x300.png 300w, https:\/\/silktouchai.com\/wp-content\/uploads\/2025\/08\/IA-VIDEOJUEGOS-7-150x150.png 150w, https:\/\/silktouchai.com\/wp-content\/uploads\/2025\/08\/IA-VIDEOJUEGOS-7-12x12.png 12w, https:\/\/silktouchai.com\/wp-content\/uploads\/2025\/08\/IA-VIDEOJUEGOS-7-600x600.png 600w, https:\/\/silktouchai.com\/wp-content\/uploads\/2025\/08\/IA-VIDEOJUEGOS-7-100x100.png 100w, https:\/\/silktouchai.com\/wp-content\/uploads\/2025\/08\/IA-VIDEOJUEGOS-7.png 1080w\" sizes=\"100vw\" \/>\t\t\t\t\t\t\t\t\t\t\t\t\t\t\t<\/div>\n\t\t\t\t<div class=\"elementor-element elementor-element-58e9542 elementor-align-center elementor-widget elementor-widget-button\" data-id=\"58e9542\" data-element_type=\"widget\" data-widget_type=\"button.default\">\n\t\t\t\t\t\t\t\t\t\t<a class=\"elementor-button elementor-button-link elementor-size-sm\" href=\"https:\/\/buy.stripe.com\/4gM28s1hH3MId0N4td9bO00\">\n\t\t\t\t\t\t<span class=\"elementor-button-content-wrapper\">\n\t\t\t\t\t\t\t\t\t<span class=\"elementor-button-text\">COMPRAR YA - 10 PROMPTS<\/span>\n\t\t\t\t\t<\/span>\n\t\t\t\t\t<\/a>\n\t\t\t\t\t\t\t\t<\/div>\n\t\t\t\t<\/div>\n\t\t<div class=\"elementor-element elementor-element-743ef2c e-con-full e-flex e-con e-child\" data-id=\"743ef2c\" data-element_type=\"container\">\n\t\t\t\t<div class=\"elementor-element elementor-element-c98fb3c elementor-widget elementor-widget-image\" data-id=\"c98fb3c\" data-element_type=\"widget\" data-widget_type=\"image.default\">\n\t\t\t\t\t\t\t\t\t\t\t\t\t\t\t<img loading=\"lazy\" decoding=\"async\" width=\"950\" height=\"950\" src=\"https:\/\/silktouchai.com\/wp-content\/uploads\/2025\/08\/IA-VIDEOJUEGOS-8-1024x1024.png\" class=\"attachment-large size-large wp-image-203\" alt=\"\" srcset=\"https:\/\/silktouchai.com\/wp-content\/uploads\/2025\/08\/IA-VIDEOJUEGOS-8-1024x1024.png 1024w, https:\/\/silktouchai.com\/wp-content\/uploads\/2025\/08\/IA-VIDEOJUEGOS-8-300x300.png 300w, https:\/\/silktouchai.com\/wp-content\/uploads\/2025\/08\/IA-VIDEOJUEGOS-8-150x150.png 150w, https:\/\/silktouchai.com\/wp-content\/uploads\/2025\/08\/IA-VIDEOJUEGOS-8-12x12.png 12w, https:\/\/silktouchai.com\/wp-content\/uploads\/2025\/08\/IA-VIDEOJUEGOS-8-600x600.png 600w, https:\/\/silktouchai.com\/wp-content\/uploads\/2025\/08\/IA-VIDEOJUEGOS-8-100x100.png 100w, https:\/\/silktouchai.com\/wp-content\/uploads\/2025\/08\/IA-VIDEOJUEGOS-8.png 1080w\" sizes=\"100vw\" \/>\t\t\t\t\t\t\t\t\t\t\t\t\t\t\t<\/div>\n\t\t\t\t<div class=\"elementor-element elementor-element-690915a elementor-align-center elementor-widget elementor-widget-button\" data-id=\"690915a\" data-element_type=\"widget\" data-widget_type=\"button.default\">\n\t\t\t\t\t\t\t\t\t\t<a class=\"elementor-button elementor-button-link elementor-size-sm\" href=\"https:\/\/buy.stripe.com\/bJe8wQ2lL2IEaSFe3N9bO01\">\n\t\t\t\t\t\t<span class=\"elementor-button-content-wrapper\">\n\t\t\t\t\t\t\t\t\t<span class=\"elementor-button-text\">COMPRAR YA - 20 PROMPTS<\/span>\n\t\t\t\t\t<\/span>\n\t\t\t\t\t<\/a>\n\t\t\t\t\t\t\t\t<\/div>\n\t\t\t\t<\/div>\n\t\t<div class=\"elementor-element elementor-element-37ff932 e-con-full e-flex e-con e-child\" data-id=\"37ff932\" data-element_type=\"container\">\n\t\t\t\t<div class=\"elementor-element elementor-element-1859c88 elementor-widget elementor-widget-image\" data-id=\"1859c88\" data-element_type=\"widget\" data-widget_type=\"image.default\">\n\t\t\t\t\t\t\t\t\t\t\t\t\t\t\t<img loading=\"lazy\" decoding=\"async\" width=\"950\" height=\"950\" src=\"https:\/\/silktouchai.com\/wp-content\/uploads\/2025\/08\/IA-VIDEOJUEGOS-9-1024x1024.png\" class=\"attachment-large size-large wp-image-202\" alt=\"\" srcset=\"https:\/\/silktouchai.com\/wp-content\/uploads\/2025\/08\/IA-VIDEOJUEGOS-9-1024x1024.png 1024w, https:\/\/silktouchai.com\/wp-content\/uploads\/2025\/08\/IA-VIDEOJUEGOS-9-300x300.png 300w, https:\/\/silktouchai.com\/wp-content\/uploads\/2025\/08\/IA-VIDEOJUEGOS-9-150x150.png 150w, https:\/\/silktouchai.com\/wp-content\/uploads\/2025\/08\/IA-VIDEOJUEGOS-9-12x12.png 12w, https:\/\/silktouchai.com\/wp-content\/uploads\/2025\/08\/IA-VIDEOJUEGOS-9-600x600.png 600w, https:\/\/silktouchai.com\/wp-content\/uploads\/2025\/08\/IA-VIDEOJUEGOS-9-100x100.png 100w, https:\/\/silktouchai.com\/wp-content\/uploads\/2025\/08\/IA-VIDEOJUEGOS-9.png 1080w\" sizes=\"100vw\" \/>\t\t\t\t\t\t\t\t\t\t\t\t\t\t\t<\/div>\n\t\t\t\t<div class=\"elementor-element elementor-element-7b8beca elementor-align-center elementor-widget elementor-widget-button\" data-id=\"7b8beca\" data-element_type=\"widget\" data-widget_type=\"button.default\">\n\t\t\t\t\t\t\t\t\t\t<a class=\"elementor-button elementor-button-link elementor-size-sm\" href=\"https:\/\/buy.stripe.com\/00wfZi3pPab6gcZbVF9bO02\">\n\t\t\t\t\t\t<span class=\"elementor-button-content-wrapper\">\n\t\t\t\t\t\t\t\t\t<span class=\"elementor-button-text\">COMPRAR YA - 50 PROMPTS<\/span>\n\t\t\t\t\t<\/span>\n\t\t\t\t\t<\/a>\n\t\t\t\t\t\t\t\t<\/div>\n\t\t\t\t<\/div>\n\t\t\t\t\t<\/div>\n\t\t\t\t<\/div>\n\t\t\t\t<\/div>","protected":false},"excerpt":{"rendered":"<p>Creador de Construcciones de Minecraft con IA Escribe tu Prompt y recibe un archivo con tu construcci\u00f3n realizada por IA lista para ser a\u00f1adida a tu mundo de Minecraft. REG\u00cdSTRATE PARA CONSEGUIR 2 CONSTRUCCIONES\u00a0 INICIAR SESI\u00d3N REGISTRARSE UTILIZA LA IA SI HAS INICIADO SESI\u00d3N UTILIZAR LA IA https:\/\/youtu.be\/pdWYvBinNns?si=kJaMbxiAmwaq34NV Conoce SilkTouch.AI Descubre la c\u00f3mo funciona SilkTouch &hellip; <\/p>\n<p class=\"link-more\"><a href=\"https:\/\/silktouchai.com\/en\/\" class=\"more-link\">Read more<span class=\"screen-reader-text\"> \u00abInicio A\u00bb<\/span><\/a><\/p>","protected":false},"author":1,"featured_media":0,"parent":0,"menu_order":0,"comment_status":"closed","ping_status":"closed","template":"","meta":{"_acf_changed":false,"footnotes":""},"class_list":["post-10","page","type-page","status-publish","hentry"],"acf":[],"_links":{"self":[{"href":"https:\/\/silktouchai.com\/en\/wp-json\/wp\/v2\/pages\/10","targetHints":{"allow":["GET"]}}],"collection":[{"href":"https:\/\/silktouchai.com\/en\/wp-json\/wp\/v2\/pages"}],"about":[{"href":"https:\/\/silktouchai.com\/en\/wp-json\/wp\/v2\/types\/page"}],"author":[{"embeddable":true,"href":"https:\/\/silktouchai.com\/en\/wp-json\/wp\/v2\/users\/1"}],"replies":[{"embeddable":true,"href":"https:\/\/silktouchai.com\/en\/wp-json\/wp\/v2\/comments?post=10"}],"version-history":[{"count":67,"href":"https:\/\/silktouchai.com\/en\/wp-json\/wp\/v2\/pages\/10\/revisions"}],"predecessor-version":[{"id":536,"href":"https:\/\/silktouchai.com\/en\/wp-json\/wp\/v2\/pages\/10\/revisions\/536"}],"wp:attachment":[{"href":"https:\/\/silktouchai.com\/en\/wp-json\/wp\/v2\/media?parent=10"}],"curies":[{"name":"wp","href":"https:\/\/api.w.org\/{rel}","templated":true}]}}